{"id":1280,"date":"2020-12-16T15:07:20","date_gmt":"2020-12-16T15:07:20","guid":{"rendered":"https:\/\/thejunebenissa.com\/shoots-retreats\/"},"modified":"2021-08-19T20:08:30","modified_gmt":"2021-08-19T20:08:30","slug":"shoots-retreats","status":"publish","type":"page","link":"https:\/\/thejunebenissa.com\/es\/shoots-retreats\/","title":{"rendered":"Shoots &#038; Retreats"},"content":{"rendered":"\t\t<div data-elementor-type=\"wp-page\" data-elementor-id=\"1280\" class=\"elementor elementor-1280 elementor-58\">\n\t\t\t\t\t\t<div class=\"elementor-inner\">\n\t\t\t\t<div class=\"elementor-section-wrap\">\n\t\t\t\t\t\t\t\t\t<section class=\"elementor-section elementor-top-section elementor-element elementor-element-f34fe2e elementor-section-full_width elementor-section-height-default elementor-section-height-default\" data-id=\"f34fe2e\" data-element_type=\"section\" data-settings=\"{&quot;background_background&quot;:&quot;classic&quot;}\">\n\t\t\t\t\t\t<div class=\"elementor-container elementor-column-gap-default\">\n\t\t\t\t\t\t\t<div class=\"elementor-row\">\n\t\t\t\t\t<div class=\"elementor-column elementor-col-66 elementor-top-column elementor-element elementor-element-e0aeb56\" data-id=\"e0aeb56\" data-element_type=\"column\" data-settings=\"{&quot;background_background&quot;:&quot;classic&quot;}\">\n\t\t\t<div class=\"elementor-column-wrap elementor-element-populated\">\n\t\t\t\t\t\t\t<div class=\"elementor-widget-wrap\">\n\t\t\t\t\t\t<div class=\"elementor-element elementor-element-aa7e7a8 elementor-widget elementor-widget-spacer\" data-id=\"aa7e7a8\" data-element_type=\"widget\" data-widget_type=\"spacer.default\">\n\t\t\t\t<div class=\"elementor-widget-container\">\n\t\t\t\t\t<div class=\"elementor-spacer\">\n\t\t\t<div class=\"elementor-spacer-inner\"><\/div>\n\t\t<\/div>\n\t\t\t\t<\/div>\n\t\t\t\t<\/div>\n\t\t\t\t\t\t<\/div>\n\t\t\t\t\t<\/div>\n\t\t<\/div>\n\t\t\t\t<div class=\"elementor-column elementor-col-33 elementor-top-column elementor-element elementor-element-855d252\" data-id=\"855d252\" data-element_type=\"column\" data-settings=\"{&quot;background_background&quot;:&quot;classic&quot;}\">\n\t\t\t<div class=\"elementor-column-wrap elementor-element-populated\">\n\t\t\t\t\t\t\t<div class=\"elementor-widget-wrap\">\n\t\t\t\t\t\t<div class=\"elementor-element elementor-element-79a6c1f elementor-widget elementor-widget-heading\" data-id=\"79a6c1f\" data-element_type=\"widget\" data-widget_type=\"heading.default\">\n\t\t\t\t<div class=\"elementor-widget-container\">\n\t\t\t<h1 class=\"elementor-heading-title elementor-size-default\">Shoots &amp; Retreats<\/h1>\t\t<\/div>\n\t\t\t\t<\/div>\n\t\t\t\t\t\t<\/div>\n\t\t\t\t\t<\/div>\n\t\t<\/div>\n\t\t\t\t\t\t\t\t<\/div>\n\t\t\t\t\t<\/div>\n\t\t<\/section>\n\t\t\t\t<section class=\"elementor-section elementor-top-section elementor-element elementor-element-ad9b13a elementor-section-boxed elementor-section-height-default elementor-section-height-default\" data-id=\"ad9b13a\" data-element_type=\"section\" data-settings=\"{&quot;background_background&quot;:&quot;classic&quot;}\">\n\t\t\t\t\t\t<div class=\"elementor-container elementor-column-gap-default\">\n\t\t\t\t\t\t\t<div class=\"elementor-row\">\n\t\t\t\t\t<div class=\"elementor-column elementor-col-100 elementor-top-column elementor-element elementor-element-e1eddf1\" data-id=\"e1eddf1\" data-element_type=\"column\">\n\t\t\t<div class=\"elementor-column-wrap elementor-element-populated\">\n\t\t\t\t\t\t\t<div class=\"elementor-widget-wrap\">\n\t\t\t\t\t\t<div class=\"elementor-element elementor-element-7a04c1d elementor-widget elementor-widget-text-editor\" data-id=\"7a04c1d\" data-element_type=\"widget\" data-widget_type=\"text-editor.default\">\n\t\t\t\t<div class=\"elementor-widget-container\">\n\t\t\t\t\t\t\t\t<div class=\"elementor-text-editor elementor-clearfix\">\n\t\t\t\t<h2 style=\"text-align: center;\">Llegue bien, v\u00e1yase estupendamente..<\/h2><p style=\"text-align: center;\">La Villa Boutique June ofrece el perfecto ambiente para talleres, retiros y para reservar como decoraci\u00f3n para su pr\u00f3ximo trabajo de fotograf\u00eda. Las facilidades de la Villa, as\u00ed como sus alrededores hacen de este espacio el sitio \u00f3ptimo\u00a0 para albergar retiros y talleres para hasta 12 hu\u00e9spedes. A\u00fan con un clima desfavorable, los espacios creativos interiores pueden acomodar a 12 hu\u00e9spedes para comer y el dise\u00f1o y los sonidos sanadores de las facilidades hacen sentir a nuestros hu\u00e9spedes espirituales como en un puerto natural seguro. June ofrece participaci\u00f3n \u00a0en iniciativas de retiro conect\u00e1ndolo con socios locales de confianza. Piense en cocineros vegetarianos, terapeutas de hipnosis, maestros de yoga, artistas de sonidos sanadores y terapeutas de masajes.<\/p><p style=\"text-align: center;\">Si\u00e9ntase libre de discutir estas posibilidades o eche un vistazo abajo a los retiros que estamos hospedando ahora.<\/p>\t\t\t\t\t<\/div>\n\t\t\t\t\t\t<\/div>\n\t\t\t\t<\/div>\n\t\t\t\t\t\t<\/div>\n\t\t\t\t\t<\/div>\n\t\t<\/div>\n\t\t\t\t\t\t\t\t<\/div>\n\t\t\t\t\t<\/div>\n\t\t<\/section>\n\t\t\t\t<section class=\"elementor-section elementor-top-section elementor-element elementor-element-17a9d16 elementor-section-boxed elementor-section-height-default elementor-section-height-default\" data-id=\"17a9d16\" data-element_type=\"section\" data-settings=\"{&quot;background_background&quot;:&quot;classic&quot;}\">\n\t\t\t\t\t\t<div class=\"elementor-container elementor-column-gap-default\">\n\t\t\t\t\t\t\t<div class=\"elementor-row\">\n\t\t\t\t\t<div class=\"elementor-column elementor-col-100 elementor-top-column elementor-element elementor-element-b68cda1\" data-id=\"b68cda1\" data-element_type=\"column\">\n\t\t\t<div class=\"elementor-column-wrap elementor-element-populated\">\n\t\t\t\t\t\t\t<div class=\"elementor-widget-wrap\">\n\t\t\t\t\t\t<div class=\"elementor-element elementor-element-408cb40 elementor-widget elementor-widget-image\" data-id=\"408cb40\" data-element_type=\"widget\" data-widget_type=\"image.default\">\n\t\t\t\t<div class=\"elementor-widget-container\">\n\t\t\t\t\t\t\t\t<div class=\"elementor-image\">\n\t\t\t\t\t\t\t\t\t\t\t\t<img width=\"2000\" height=\"1450\" src=\"https:\/\/thejunebenissa.com\/wp-content\/uploads\/2021\/07\/retreat-benissa-bryre-roots-The-June-Boutique-Villa-2-.jpg\" class=\"attachment-full size-full\" alt=\"\" loading=\"lazy\" srcset=\"https:\/\/thejunebenissa.com\/wp-content\/uploads\/2021\/07\/retreat-benissa-bryre-roots-The-June-Boutique-Villa-2-.jpg 2000w, https:\/\/thejunebenissa.com\/wp-content\/uploads\/2021\/07\/retreat-benissa-bryre-roots-The-June-Boutique-Villa-2--300x218.jpg 300w, https:\/\/thejunebenissa.com\/wp-content\/uploads\/2021\/07\/retreat-benissa-bryre-roots-The-June-Boutique-Villa-2--1024x742.jpg 1024w, https:\/\/thejunebenissa.com\/wp-content\/uploads\/2021\/07\/retreat-benissa-bryre-roots-The-June-Boutique-Villa-2--768x557.jpg 768w, https:\/\/thejunebenissa.com\/wp-content\/uploads\/2021\/07\/retreat-benissa-bryre-roots-The-June-Boutique-Villa-2--1536x1114.jpg 1536w\" sizes=\"(max-width: 2000px) 100vw, 2000px\" \/>\t\t\t\t\t\t\t\t\t\t\t\t\t\t<\/div>\n\t\t\t\t\t\t<\/div>\n\t\t\t\t<\/div>\n\t\t\t\t\t\t<\/div>\n\t\t\t\t\t<\/div>\n\t\t<\/div>\n\t\t\t\t\t\t\t\t<\/div>\n\t\t\t\t\t<\/div>\n\t\t<\/section>\n\t\t\t\t\t\t\t\t\t<\/div>\n\t\t\t<\/div>\n\t\t\t\t\t<\/div>\n\t\t","protected":false},"excerpt":{"rendered":"<p>Shoots &amp; Retreats Llegue bien, v\u00e1yase estupendamente.. La Villa Boutique June ofrece el perfecto ambiente para talleres, retiros y para reservar como decoraci\u00f3n para su pr\u00f3ximo trabajo de fotograf\u00eda. Las facilidades de la Villa, as\u00ed como sus alrededores hacen de este espacio el sitio \u00f3ptimo\u00a0 para albergar retiros y talleres para hasta 12 hu\u00e9spedes. A\u00fan [&hellip;]<\/p>\n","protected":false},"author":1,"featured_media":0,"parent":0,"menu_order":0,"comment_status":"closed","ping_status":"closed","template":"","meta":{"site-sidebar-layout":"no-sidebar","site-content-layout":"page-builder","ast-site-content-layout":"","site-content-style":"default","site-sidebar-style":"default","ast-global-header-display":"","ast-banner-title-visibility":"","ast-main-header-display":"","ast-hfb-above-header-display":"","ast-hfb-below-header-display":"","ast-hfb-mobile-header-display":"","site-post-title":"disabled","ast-breadcrumbs-content":"","ast-featured-img":"disabled","footer-sml-layout":"","theme-transparent-header-meta":"default","adv-header-id-meta":"","stick-header-meta":"default","header-above-stick-meta":"","header-main-stick-meta":"","header-below-stick-meta":"","astra-migrate-meta-layouts":"default","ast-page-background-enabled":"default","ast-page-background-meta":{"desktop":{"background-color":"var(--ast-global-color-4)","background-image":"","background-repeat":"repeat","background-position":"center center","background-size":"auto","background-attachment":"scroll","background-type":"","background-media":"","overlay-type":"","overlay-color":"","overlay-opacity":"","overlay-gradient":""},"tablet":{"background-color":"","background-image":"","background-repeat":"repeat","background-position":"center center","background-size":"auto","background-attachment":"scroll","background-type":"","background-media":"","overlay-type":"","overlay-color":"","overlay-opacity":"","overlay-gradient":""},"mobile":{"background-color":"","background-image":"","background-repeat":"repeat","background-position":"center center","background-size":"auto","background-attachment":"scroll","background-type":"","background-media":"","overlay-type":"","overlay-color":"","overlay-opacity":"","overlay-gradient":""}},"ast-content-background-meta":{"desktop":{"background-color":"var(--ast-global-color-5)","background-image":"","background-repeat":"repeat","background-position":"center center","background-size":"auto","background-attachment":"scroll","background-type":"","background-media":"","overlay-type":"","overlay-color":"","overlay-opacity":"","overlay-gradient":""},"tablet":{"background-color":"var(--ast-global-color-5)","background-image":"","background-repeat":"repeat","background-position":"center center","background-size":"auto","background-attachment":"scroll","background-type":"","background-media":"","overlay-type":"","overlay-color":"","overlay-opacity":"","overlay-gradient":""},"mobile":{"background-color":"var(--ast-global-color-5)","background-image":"","background-repeat":"repeat","background-position":"center center","background-size":"auto","background-attachment":"scroll","background-type":"","background-media":"","overlay-type":"","overlay-color":"","overlay-opacity":"","overlay-gradient":""}}},"yoast_head":"<!-- This site is optimized with the Yoast SEO plugin v17.4 - https:\/\/yoast.com\/wordpress\/plugins\/seo\/ -->\n<title>Shoots &amp; Retreats - The June<\/title>\n<meta name=\"robots\" content=\"index, follow, max-snippet:-1, max-image-preview:large, max-video-preview:-1\" \/>\n<link rel=\"canonical\" href=\"https:\/\/thejunebenissa.com\/es\/shoots-retreats\/\" \/>\n<meta property=\"og:locale\" content=\"es_ES\" \/>\n<meta property=\"og:type\" content=\"article\" \/>\n<meta property=\"og:title\" content=\"Shoots &amp; Retreats - The June\" \/>\n<meta property=\"og:description\" content=\"Shoots &amp; Retreats Llegue bien, v\u00e1yase estupendamente.. La Villa Boutique June ofrece el perfecto ambiente para talleres, retiros y para reservar como decoraci\u00f3n para su pr\u00f3ximo trabajo de fotograf\u00eda. Las facilidades de la Villa, as\u00ed como sus alrededores hacen de este espacio el sitio \u00f3ptimo\u00a0 para albergar retiros y talleres para hasta 12 hu\u00e9spedes. A\u00fan [&hellip;]\" \/>\n<meta property=\"og:url\" content=\"https:\/\/thejunebenissa.com\/es\/shoots-retreats\/\" \/>\n<meta property=\"og:site_name\" content=\"The June\" \/>\n<meta property=\"article:modified_time\" content=\"2021-08-19T20:08:30+00:00\" \/>\n<meta property=\"og:image\" content=\"https:\/\/thejunebenissa.com\/wp-content\/uploads\/2021\/07\/retreat-benissa-bryre-roots-The-June-Boutique-Villa-2-.jpg\" \/>\n<meta name=\"twitter:card\" content=\"summary_large_image\" \/>\n<meta name=\"twitter:label1\" content=\"Tiempo de lectura\" \/>\n\t<meta name=\"twitter:data1\" content=\"1 minuto\" \/>\n<script type=\"application\/ld+json\" class=\"yoast-schema-graph\">{\"@context\":\"https:\/\/schema.org\",\"@graph\":[{\"@type\":\"WebSite\",\"@id\":\"https:\/\/thejunebenissa.com\/es\/#website\",\"url\":\"https:\/\/thejunebenissa.com\/es\/\",\"name\":\"The June\",\"description\":\"Benissa\",\"potentialAction\":[{\"@type\":\"SearchAction\",\"target\":{\"@type\":\"EntryPoint\",\"urlTemplate\":\"https:\/\/thejunebenissa.com\/es\/?s={search_term_string}\"},\"query-input\":\"required name=search_term_string\"}],\"inLanguage\":\"es\"},{\"@type\":\"ImageObject\",\"@id\":\"https:\/\/thejunebenissa.com\/es\/shoots-retreats\/#primaryimage\",\"inLanguage\":\"es\",\"url\":\"https:\/\/thejunebenissa.com\/wp-content\/uploads\/2021\/07\/retreat-benissa-bryre-roots-The-June-Boutique-Villa-2-.jpg\",\"contentUrl\":\"https:\/\/thejunebenissa.com\/wp-content\/uploads\/2021\/07\/retreat-benissa-bryre-roots-The-June-Boutique-Villa-2-.jpg\",\"width\":2000,\"height\":1450},{\"@type\":\"WebPage\",\"@id\":\"https:\/\/thejunebenissa.com\/es\/shoots-retreats\/#webpage\",\"url\":\"https:\/\/thejunebenissa.com\/es\/shoots-retreats\/\",\"name\":\"Shoots & Retreats - The June\",\"isPartOf\":{\"@id\":\"https:\/\/thejunebenissa.com\/es\/#website\"},\"primaryImageOfPage\":{\"@id\":\"https:\/\/thejunebenissa.com\/es\/shoots-retreats\/#primaryimage\"},\"datePublished\":\"2020-12-16T15:07:20+00:00\",\"dateModified\":\"2021-08-19T20:08:30+00:00\",\"breadcrumb\":{\"@id\":\"https:\/\/thejunebenissa.com\/es\/shoots-retreats\/#breadcrumb\"},\"inLanguage\":\"es\",\"potentialAction\":[{\"@type\":\"ReadAction\",\"target\":[\"https:\/\/thejunebenissa.com\/es\/shoots-retreats\/\"]}]},{\"@type\":\"BreadcrumbList\",\"@id\":\"https:\/\/thejunebenissa.com\/es\/shoots-retreats\/#breadcrumb\",\"itemListElement\":[{\"@type\":\"ListItem\",\"position\":1,\"name\":\"Home\",\"item\":\"https:\/\/thejunebenissa.com\/es\/\"},{\"@type\":\"ListItem\",\"position\":2,\"name\":\"Shoots &#038; Retreats\"}]}]}<\/script>\n<!-- \/ Yoast SEO plugin. -->","yoast_head_json":{"title":"Shoots & Retreats - The June","robots":{"index":"index","follow":"follow","max-snippet":"max-snippet:-1","max-image-preview":"max-image-preview:large","max-video-preview":"max-video-preview:-1"},"canonical":"https:\/\/thejunebenissa.com\/es\/shoots-retreats\/","og_locale":"es_ES","og_type":"article","og_title":"Shoots & Retreats - The June","og_description":"Shoots &amp; Retreats Llegue bien, v\u00e1yase estupendamente.. La Villa Boutique June ofrece el perfecto ambiente para talleres, retiros y para reservar como decoraci\u00f3n para su pr\u00f3ximo trabajo de fotograf\u00eda. Las facilidades de la Villa, as\u00ed como sus alrededores hacen de este espacio el sitio \u00f3ptimo\u00a0 para albergar retiros y talleres para hasta 12 hu\u00e9spedes. A\u00fan [&hellip;]","og_url":"https:\/\/thejunebenissa.com\/es\/shoots-retreats\/","og_site_name":"The June","article_modified_time":"2021-08-19T20:08:30+00:00","og_image":[{"url":"https:\/\/thejunebenissa.com\/wp-content\/uploads\/2021\/07\/retreat-benissa-bryre-roots-The-June-Boutique-Villa-2-.jpg"}],"twitter_card":"summary_large_image","twitter_misc":{"Tiempo de lectura":"1 minuto"},"schema":{"@context":"https:\/\/schema.org","@graph":[{"@type":"WebSite","@id":"https:\/\/thejunebenissa.com\/es\/#website","url":"https:\/\/thejunebenissa.com\/es\/","name":"The June","description":"Benissa","potentialAction":[{"@type":"SearchAction","target":{"@type":"EntryPoint","urlTemplate":"https:\/\/thejunebenissa.com\/es\/?s={search_term_string}"},"query-input":"required name=search_term_string"}],"inLanguage":"es"},{"@type":"ImageObject","@id":"https:\/\/thejunebenissa.com\/es\/shoots-retreats\/#primaryimage","inLanguage":"es","url":"https:\/\/thejunebenissa.com\/wp-content\/uploads\/2021\/07\/retreat-benissa-bryre-roots-The-June-Boutique-Villa-2-.jpg","contentUrl":"https:\/\/thejunebenissa.com\/wp-content\/uploads\/2021\/07\/retreat-benissa-bryre-roots-The-June-Boutique-Villa-2-.jpg","width":2000,"height":1450},{"@type":"WebPage","@id":"https:\/\/thejunebenissa.com\/es\/shoots-retreats\/#webpage","url":"https:\/\/thejunebenissa.com\/es\/shoots-retreats\/","name":"Shoots & Retreats - The June","isPartOf":{"@id":"https:\/\/thejunebenissa.com\/es\/#website"},"primaryImageOfPage":{"@id":"https:\/\/thejunebenissa.com\/es\/shoots-retreats\/#primaryimage"},"datePublished":"2020-12-16T15:07:20+00:00","dateModified":"2021-08-19T20:08:30+00:00","breadcrumb":{"@id":"https:\/\/thejunebenissa.com\/es\/shoots-retreats\/#breadcrumb"},"inLanguage":"es","potentialAction":[{"@type":"ReadAction","target":["https:\/\/thejunebenissa.com\/es\/shoots-retreats\/"]}]},{"@type":"BreadcrumbList","@id":"https:\/\/thejunebenissa.com\/es\/shoots-retreats\/#breadcrumb","itemListElement":[{"@type":"ListItem","position":1,"name":"Home","item":"https:\/\/thejunebenissa.com\/es\/"},{"@type":"ListItem","position":2,"name":"Shoots &#038; Retreats"}]}]}},"_links":{"self":[{"href":"https:\/\/thejunebenissa.com\/es\/wp-json\/wp\/v2\/pages\/1280"}],"collection":[{"href":"https:\/\/thejunebenissa.com\/es\/wp-json\/wp\/v2\/pages"}],"about":[{"href":"https:\/\/thejunebenissa.com\/es\/wp-json\/wp\/v2\/types\/page"}],"author":[{"embeddable":true,"href":"https:\/\/thejunebenissa.com\/es\/wp-json\/wp\/v2\/users\/1"}],"replies":[{"embeddable":true,"href":"https:\/\/thejunebenissa.com\/es\/wp-json\/wp\/v2\/comments?post=1280"}],"version-history":[{"count":3,"href":"https:\/\/thejunebenissa.com\/es\/wp-json\/wp\/v2\/pages\/1280\/revisions"}],"predecessor-version":[{"id":1504,"href":"https:\/\/thejunebenissa.com\/es\/wp-json\/wp\/v2\/pages\/1280\/revisions\/1504"}],"wp:attachment":[{"href":"https:\/\/thejunebenissa.com\/es\/wp-json\/wp\/v2\/media?parent=1280"}],"curies":[{"name":"wp","href":"https:\/\/api.w.org\/{rel}","templated":true}]}}