{"id":1276,"date":"2020-12-16T15:06:58","date_gmt":"2020-12-16T15:06:58","guid":{"rendered":"https:\/\/thejunebenissa.com\/services\/"},"modified":"2023-02-01T14:29:48","modified_gmt":"2023-02-01T14:29:48","slug":"services","status":"publish","type":"page","link":"https:\/\/thejunebenissa.com\/es\/services\/","title":{"rendered":"Services"},"content":{"rendered":"\t\t<div data-elementor-type=\"wp-page\" data-elementor-id=\"1276\" class=\"elementor elementor-1276 elementor-56\">\n\t\t\t\t\t\t<div class=\"elementor-inner\">\n\t\t\t\t<div class=\"elementor-section-wrap\">\n\t\t\t\t\t\t\t\t\t<section class=\"elementor-section elementor-top-section elementor-element elementor-element-1ae52c7f elementor-section-full_width elementor-section-height-default elementor-section-height-default\" data-id=\"1ae52c7f\" data-element_type=\"section\" data-settings=\"{&quot;background_background&quot;:&quot;classic&quot;}\">\n\t\t\t\t\t\t<div class=\"elementor-container elementor-column-gap-default\">\n\t\t\t\t\t\t\t<div class=\"elementor-row\">\n\t\t\t\t\t<div class=\"elementor-column elementor-col-66 elementor-top-column elementor-element elementor-element-532c1f26\" data-id=\"532c1f26\" data-element_type=\"column\" data-settings=\"{&quot;background_background&quot;:&quot;classic&quot;}\">\n\t\t\t<div class=\"elementor-column-wrap elementor-element-populated\">\n\t\t\t\t\t\t\t<div class=\"elementor-widget-wrap\">\n\t\t\t\t\t\t<div class=\"elementor-element elementor-element-4b274de7 elementor-widget elementor-widget-spacer\" data-id=\"4b274de7\" data-element_type=\"widget\" data-widget_type=\"spacer.default\">\n\t\t\t\t<div class=\"elementor-widget-container\">\n\t\t\t\t\t<div class=\"elementor-spacer\">\n\t\t\t<div class=\"elementor-spacer-inner\"><\/div>\n\t\t<\/div>\n\t\t\t\t<\/div>\n\t\t\t\t<\/div>\n\t\t\t\t\t\t<\/div>\n\t\t\t\t\t<\/div>\n\t\t<\/div>\n\t\t\t\t<div class=\"elementor-column elementor-col-33 elementor-top-column elementor-element elementor-element-72e1ea08\" data-id=\"72e1ea08\" data-element_type=\"column\" data-settings=\"{&quot;background_background&quot;:&quot;classic&quot;}\">\n\t\t\t<div class=\"elementor-column-wrap elementor-element-populated\">\n\t\t\t\t\t\t\t<div class=\"elementor-widget-wrap\">\n\t\t\t\t\t\t<div class=\"elementor-element elementor-element-6612d1b elementor-widget elementor-widget-heading\" data-id=\"6612d1b\" data-element_type=\"widget\" data-widget_type=\"heading.default\">\n\t\t\t\t<div class=\"elementor-widget-container\">\n\t\t\t<h1 class=\"elementor-heading-title elementor-size-default\">Services<\/h1>\t\t<\/div>\n\t\t\t\t<\/div>\n\t\t\t\t\t\t<\/div>\n\t\t\t\t\t<\/div>\n\t\t<\/div>\n\t\t\t\t\t\t\t\t<\/div>\n\t\t\t\t\t<\/div>\n\t\t<\/section>\n\t\t\t\t<section class=\"elementor-section elementor-top-section elementor-element elementor-element-7f2e3db1 elementor-section-full_width elementor-section-stretched elementor-section-height-default elementor-section-height-default\" data-id=\"7f2e3db1\" data-element_type=\"section\" data-settings=\"{&quot;stretch_section&quot;:&quot;section-stretched&quot;,&quot;background_background&quot;:&quot;classic&quot;}\">\n\t\t\t\t\t\t<div class=\"elementor-container elementor-column-gap-no\">\n\t\t\t\t\t\t\t<div class=\"elementor-row\">\n\t\t\t\t\t<div class=\"elementor-column elementor-col-100 elementor-top-column elementor-element elementor-element-2f04f003\" data-id=\"2f04f003\" data-element_type=\"column\">\n\t\t\t<div class=\"elementor-column-wrap elementor-element-populated\">\n\t\t\t\t\t\t\t<div class=\"elementor-widget-wrap\">\n\t\t\t\t\t\t<div class=\"elementor-element elementor-element-388a2e04 elementor-widget elementor-widget-text-editor\" data-id=\"388a2e04\" data-element_type=\"widget\" data-widget_type=\"text-editor.default\">\n\t\t\t\t<div class=\"elementor-widget-container\">\n\t\t\t\t\t\t\t\t<div class=\"elementor-text-editor elementor-clearfix\">\n\t\t\t\t<h2 style=\"text-align: center;\"><strong>\u00bfQu\u00e9 hace a June tan notable?<\/strong><\/h2>\t\t\t\t\t<\/div>\n\t\t\t\t\t\t<\/div>\n\t\t\t\t<\/div>\n\t\t\t\t\t\t<\/div>\n\t\t\t\t\t<\/div>\n\t\t<\/div>\n\t\t\t\t\t\t\t\t<\/div>\n\t\t\t\t\t<\/div>\n\t\t<\/section>\n\t\t\t\t<section class=\"elementor-section elementor-top-section elementor-element elementor-element-d97ebf6 elementor-section-full_width elementor-section-content-middle elementor-section-height-default elementor-section-height-default\" data-id=\"d97ebf6\" data-element_type=\"section\" data-settings=\"{&quot;background_background&quot;:&quot;classic&quot;}\">\n\t\t\t\t\t\t<div class=\"elementor-container elementor-column-gap-no\">\n\t\t\t\t\t\t\t<div class=\"elementor-row\">\n\t\t\t\t\t<div class=\"elementor-column elementor-col-33 elementor-top-column elementor-element elementor-element-66767f6\" data-id=\"66767f6\" data-element_type=\"column\">\n\t\t\t<div class=\"elementor-column-wrap elementor-element-populated\">\n\t\t\t\t\t\t\t<div class=\"elementor-widget-wrap\">\n\t\t\t\t\t\t<div class=\"elementor-element elementor-element-d335845 elementor-widget elementor-widget-text-editor\" data-id=\"d335845\" data-element_type=\"widget\" data-widget_type=\"text-editor.default\">\n\t\t\t\t<div class=\"elementor-widget-container\">\n\t\t\t\t\t\t\t\t<div class=\"elementor-text-editor elementor-clearfix\">\n\t\t\t\t<ul>\n<li>Piscina caliente de agua salada y butacas relax para cada hu\u00e9sped.<\/li>\n<li>Vistas mar\u00edtimas espectaculares desde el jard\u00edn como tambi\u00e9n desde el \u00e1rea de estar y del comedor.<\/li>\n<li>A s\u00f3lo 700 metros de la playa La Fustera, el supermercado local, chiringuitos y bares.<\/li>\n<li>Privacidad para cada hu\u00e9sped debido a las seis diferentes \u00e1reas de descanso alrededor de la casa.<\/li>\n<li>La cubierta de piscina com\u00fan con bastante espacio para comer, relajarse, tener sombra&nbsp; u obtener bronceado.<\/li>\n<li>Dos cocinas interiores con equipos SMEG, Qooker y un \u00e1rea interior de comedor para 12 hu\u00e9spedes.<\/li>\n<li>Agua potable filtrada en ambas cocinas interiores como tambi\u00e9n en la cocina exterior para no tener desechos pl\u00e1sticos y ahorrarle tener botellas de agua pesadas.<\/li>\n<li>Lencer\u00eda, toallas y toallas de playa calidad de hotel, cosm\u00e9ticos org\u00e1nicos y se provee de un men\u00fa de almohadas.<\/li>\n<li>Tablas de paddle privadas, sillas y parasoles de playa portables.<\/li>\n<li>Wifi de fibra \u00f3ptica y m\u00faltiples opciones para ver canales internacionales y servicios de transmisi\u00f3n en tres televisores.<\/li>\n<li>Barbacoa Kamado con muchas opciones, incluyendo piedra de pizza y paella.<\/li>\n<\/ul>\t\t\t\t\t<\/div>\n\t\t\t\t\t\t<\/div>\n\t\t\t\t<\/div>\n\t\t\t\t\t\t<\/div>\n\t\t\t\t\t<\/div>\n\t\t<\/div>\n\t\t\t\t<div class=\"elementor-column elementor-col-66 elementor-top-column elementor-element elementor-element-bd7a60a\" data-id=\"bd7a60a\" data-element_type=\"column\" data-settings=\"{&quot;background_background&quot;:&quot;classic&quot;}\">\n\t\t\t<div class=\"elementor-column-wrap elementor-element-populated\">\n\t\t\t\t\t\t\t<div class=\"elementor-widget-wrap\">\n\t\t\t\t\t\t<div class=\"elementor-element elementor-element-cb40eff elementor-widget elementor-widget-spacer\" data-id=\"cb40eff\" data-element_type=\"widget\" data-widget_type=\"spacer.default\">\n\t\t\t\t<div class=\"elementor-widget-container\">\n\t\t\t\t\t<div class=\"elementor-spacer\">\n\t\t\t<div class=\"elementor-spacer-inner\"><\/div>\n\t\t<\/div>\n\t\t\t\t<\/div>\n\t\t\t\t<\/div>\n\t\t\t\t\t\t<\/div>\n\t\t\t\t\t<\/div>\n\t\t<\/div>\n\t\t\t\t\t\t\t\t<\/div>\n\t\t\t\t\t<\/div>\n\t\t<\/section>\n\t\t\t\t<section class=\"elementor-section elementor-top-section elementor-element elementor-element-931c6f0 elementor-section-full_width elementor-section-content-middle elementor-reverse-mobile elementor-section-height-default elementor-section-height-default\" data-id=\"931c6f0\" data-element_type=\"section\" data-settings=\"{&quot;background_background&quot;:&quot;classic&quot;}\">\n\t\t\t\t\t\t<div class=\"elementor-container elementor-column-gap-no\">\n\t\t\t\t\t\t\t<div class=\"elementor-row\">\n\t\t\t\t\t<div class=\"elementor-column elementor-col-66 elementor-top-column elementor-element elementor-element-60042e1\" data-id=\"60042e1\" data-element_type=\"column\" data-settings=\"{&quot;background_background&quot;:&quot;classic&quot;}\">\n\t\t\t<div class=\"elementor-column-wrap elementor-element-populated\">\n\t\t\t\t\t\t\t<div class=\"elementor-widget-wrap\">\n\t\t\t\t\t\t<div class=\"elementor-element elementor-element-006e1a2 elementor-widget elementor-widget-spacer\" data-id=\"006e1a2\" data-element_type=\"widget\" data-widget_type=\"spacer.default\">\n\t\t\t\t<div class=\"elementor-widget-container\">\n\t\t\t\t\t<div class=\"elementor-spacer\">\n\t\t\t<div class=\"elementor-spacer-inner\"><\/div>\n\t\t<\/div>\n\t\t\t\t<\/div>\n\t\t\t\t<\/div>\n\t\t\t\t\t\t<\/div>\n\t\t\t\t\t<\/div>\n\t\t<\/div>\n\t\t\t\t<div class=\"elementor-column elementor-col-33 elementor-top-column elementor-element elementor-element-1adbd64\" data-id=\"1adbd64\" data-element_type=\"column\">\n\t\t\t<div class=\"elementor-column-wrap elementor-element-populated\">\n\t\t\t\t\t\t\t<div class=\"elementor-widget-wrap\">\n\t\t\t\t\t\t<div class=\"elementor-element elementor-element-06f72cf elementor-widget elementor-widget-text-editor\" data-id=\"06f72cf\" data-element_type=\"widget\" data-widget_type=\"text-editor.default\">\n\t\t\t\t<div class=\"elementor-widget-container\">\n\t\t\t\t\t\t\t\t<div class=\"elementor-text-editor elementor-clearfix\">\n\t\t\t\t<ul><li>Servicio 24\/7 cuando es requerido.<\/li><li>June conecta a sus hu\u00e9spedes con cocineros locales y muchos otros servicios, como nuestro socio de alquiler de coches y servicio de taxis.<\/li><li>Altavoces de radio bluetooth en cada apartamento o suite.<\/li><li>Dise\u00f1o temporal conscientemente escogido para proveer un ambiente acogedor e inolvidable. Desde alfombras y l\u00e1mparas hechas a mano de Marroco, art\u00edculos de dise\u00f1o italianos, muebles exteriores hechos de botellas pl\u00e1sticas, a llamativos art\u00edculos inspirados en Pierre Jeanneret y Faye Toogood.<\/li><li>Port\u00f3n el\u00e9ctrico y sistema separado de alarma instalados en cada entrada. Aparcamiento privado para dos coches.<\/li><li>Equipo profesional de cocina SMEG en toda la Villa y un Quooker en la cocina principal.<\/li><li>Est\u00e1n disponibles instrumentos de sonido sanadores para tallares y para hu\u00e9spedes que quieren conectarse con su paz interior. Un Gong Atlantis chino de 32\u201d es el punto central y el orgullo del \u00e1rea de estar principal.<\/li><li>Espejos calentados en cada sala de ba\u00f1o.<\/li><\/ul>\t\t\t\t\t<\/div>\n\t\t\t\t\t\t<\/div>\n\t\t\t\t<\/div>\n\t\t\t\t\t\t<\/div>\n\t\t\t\t\t<\/div>\n\t\t<\/div>\n\t\t\t\t\t\t\t\t<\/div>\n\t\t\t\t\t<\/div>\n\t\t<\/section>\n\t\t\t\t\t\t\t\t\t<\/div>\n\t\t\t<\/div>\n\t\t\t\t\t<\/div>\n\t\t","protected":false},"excerpt":{"rendered":"<p>Services \u00bfQu\u00e9 hace a June tan notable? Piscina caliente de agua salada y butacas relax para cada hu\u00e9sped. Vistas mar\u00edtimas espectaculares desde el jard\u00edn como tambi\u00e9n desde el \u00e1rea de estar y del comedor. A s\u00f3lo 700 metros de la playa La Fustera, el supermercado local, chiringuitos y bares. Privacidad para cada hu\u00e9sped debido a [&hellip;]<\/p>\n","protected":false},"author":1,"featured_media":0,"parent":0,"menu_order":0,"comment_status":"closed","ping_status":"closed","template":"","meta":{"site-sidebar-layout":"no-sidebar","site-content-layout":"page-builder","ast-site-content-layout":"","site-content-style":"default","site-sidebar-style":"default","ast-global-header-display":"","ast-banner-title-visibility":"","ast-main-header-display":"","ast-hfb-above-header-display":"","ast-hfb-below-header-display":"","ast-hfb-mobile-header-display":"","site-post-title":"disabled","ast-breadcrumbs-content":"","ast-featured-img":"disabled","footer-sml-layout":"","theme-transparent-header-meta":"default","adv-header-id-meta":"","stick-header-meta":"default","header-above-stick-meta":"","header-main-stick-meta":"","header-below-stick-meta":"","astra-migrate-meta-layouts":"default","ast-page-background-enabled":"default","ast-page-background-meta":{"desktop":{"background-color":"var(--ast-global-color-4)","background-image":"","background-repeat":"repeat","background-position":"center center","background-size":"auto","background-attachment":"scroll","background-type":"","background-media":"","overlay-type":"","overlay-color":"","overlay-opacity":"","overlay-gradient":""},"tablet":{"background-color":"","background-image":"","background-repeat":"repeat","background-position":"center center","background-size":"auto","background-attachment":"scroll","background-type":"","background-media":"","overlay-type":"","overlay-color":"","overlay-opacity":"","overlay-gradient":""},"mobile":{"background-color":"","background-image":"","background-repeat":"repeat","background-position":"center center","background-size":"auto","background-attachment":"scroll","background-type":"","background-media":"","overlay-type":"","overlay-color":"","overlay-opacity":"","overlay-gradient":""}},"ast-content-background-meta":{"desktop":{"background-color":"var(--ast-global-color-5)","background-image":"","background-repeat":"repeat","background-position":"center center","background-size":"auto","background-attachment":"scroll","background-type":"","background-media":"","overlay-type":"","overlay-color":"","overlay-opacity":"","overlay-gradient":""},"tablet":{"background-color":"var(--ast-global-color-5)","background-image":"","background-repeat":"repeat","background-position":"center center","background-size":"auto","background-attachment":"scroll","background-type":"","background-media":"","overlay-type":"","overlay-color":"","overlay-opacity":"","overlay-gradient":""},"mobile":{"background-color":"var(--ast-global-color-5)","background-image":"","background-repeat":"repeat","background-position":"center center","background-size":"auto","background-attachment":"scroll","background-type":"","background-media":"","overlay-type":"","overlay-color":"","overlay-opacity":"","overlay-gradient":""}}},"yoast_head":"<!-- This site is optimized with the Yoast SEO plugin v17.4 - https:\/\/yoast.com\/wordpress\/plugins\/seo\/ -->\n<title>Services - The June<\/title>\n<meta name=\"robots\" content=\"index, follow, max-snippet:-1, max-image-preview:large, max-video-preview:-1\" \/>\n<link rel=\"canonical\" href=\"https:\/\/thejunebenissa.com\/es\/services\/\" \/>\n<meta property=\"og:locale\" content=\"es_ES\" \/>\n<meta property=\"og:type\" content=\"article\" \/>\n<meta property=\"og:title\" content=\"Services - The June\" \/>\n<meta property=\"og:description\" content=\"Services \u00bfQu\u00e9 hace a June tan notable? Piscina caliente de agua salada y butacas relax para cada hu\u00e9sped. Vistas mar\u00edtimas espectaculares desde el jard\u00edn como tambi\u00e9n desde el \u00e1rea de estar y del comedor. A s\u00f3lo 700 metros de la playa La Fustera, el supermercado local, chiringuitos y bares. Privacidad para cada hu\u00e9sped debido a [&hellip;]\" \/>\n<meta property=\"og:url\" content=\"https:\/\/thejunebenissa.com\/es\/services\/\" \/>\n<meta property=\"og:site_name\" content=\"The June\" \/>\n<meta property=\"article:modified_time\" content=\"2023-02-01T14:29:48+00:00\" \/>\n<meta property=\"og:image\" content=\"https:\/\/thejunebenissa.com\/wp-content\/uploads\/2021\/07\/cropped-Schermafbeelding-2021-07-08-om-13.21.40.png\" \/>\n\t<meta property=\"og:image:width\" content=\"512\" \/>\n\t<meta property=\"og:image:height\" content=\"512\" \/>\n<meta name=\"twitter:card\" content=\"summary_large_image\" \/>\n<meta name=\"twitter:label1\" content=\"Tiempo de lectura\" \/>\n\t<meta name=\"twitter:data1\" content=\"2 minutos\" \/>\n<script type=\"application\/ld+json\" class=\"yoast-schema-graph\">{\"@context\":\"https:\/\/schema.org\",\"@graph\":[{\"@type\":\"WebSite\",\"@id\":\"https:\/\/thejunebenissa.com\/es\/#website\",\"url\":\"https:\/\/thejunebenissa.com\/es\/\",\"name\":\"The June\",\"description\":\"Benissa\",\"potentialAction\":[{\"@type\":\"SearchAction\",\"target\":{\"@type\":\"EntryPoint\",\"urlTemplate\":\"https:\/\/thejunebenissa.com\/es\/?s={search_term_string}\"},\"query-input\":\"required name=search_term_string\"}],\"inLanguage\":\"es\"},{\"@type\":\"WebPage\",\"@id\":\"https:\/\/thejunebenissa.com\/es\/services\/#webpage\",\"url\":\"https:\/\/thejunebenissa.com\/es\/services\/\",\"name\":\"Services - The June\",\"isPartOf\":{\"@id\":\"https:\/\/thejunebenissa.com\/es\/#website\"},\"datePublished\":\"2020-12-16T15:06:58+00:00\",\"dateModified\":\"2023-02-01T14:29:48+00:00\",\"breadcrumb\":{\"@id\":\"https:\/\/thejunebenissa.com\/es\/services\/#breadcrumb\"},\"inLanguage\":\"es\",\"potentialAction\":[{\"@type\":\"ReadAction\",\"target\":[\"https:\/\/thejunebenissa.com\/es\/services\/\"]}]},{\"@type\":\"BreadcrumbList\",\"@id\":\"https:\/\/thejunebenissa.com\/es\/services\/#breadcrumb\",\"itemListElement\":[{\"@type\":\"ListItem\",\"position\":1,\"name\":\"Home\",\"item\":\"https:\/\/thejunebenissa.com\/es\/\"},{\"@type\":\"ListItem\",\"position\":2,\"name\":\"Services\"}]}]}<\/script>\n<!-- \/ Yoast SEO plugin. -->","yoast_head_json":{"title":"Services - The June","robots":{"index":"index","follow":"follow","max-snippet":"max-snippet:-1","max-image-preview":"max-image-preview:large","max-video-preview":"max-video-preview:-1"},"canonical":"https:\/\/thejunebenissa.com\/es\/services\/","og_locale":"es_ES","og_type":"article","og_title":"Services - The June","og_description":"Services \u00bfQu\u00e9 hace a June tan notable? Piscina caliente de agua salada y butacas relax para cada hu\u00e9sped. Vistas mar\u00edtimas espectaculares desde el jard\u00edn como tambi\u00e9n desde el \u00e1rea de estar y del comedor. A s\u00f3lo 700 metros de la playa La Fustera, el supermercado local, chiringuitos y bares. Privacidad para cada hu\u00e9sped debido a [&hellip;]","og_url":"https:\/\/thejunebenissa.com\/es\/services\/","og_site_name":"The June","article_modified_time":"2023-02-01T14:29:48+00:00","og_image":[{"width":512,"height":512,"url":"https:\/\/thejunebenissa.com\/wp-content\/uploads\/2021\/07\/cropped-Schermafbeelding-2021-07-08-om-13.21.40.png","type":"image\/png"}],"twitter_card":"summary_large_image","twitter_misc":{"Tiempo de lectura":"2 minutos"},"schema":{"@context":"https:\/\/schema.org","@graph":[{"@type":"WebSite","@id":"https:\/\/thejunebenissa.com\/es\/#website","url":"https:\/\/thejunebenissa.com\/es\/","name":"The June","description":"Benissa","potentialAction":[{"@type":"SearchAction","target":{"@type":"EntryPoint","urlTemplate":"https:\/\/thejunebenissa.com\/es\/?s={search_term_string}"},"query-input":"required name=search_term_string"}],"inLanguage":"es"},{"@type":"WebPage","@id":"https:\/\/thejunebenissa.com\/es\/services\/#webpage","url":"https:\/\/thejunebenissa.com\/es\/services\/","name":"Services - The June","isPartOf":{"@id":"https:\/\/thejunebenissa.com\/es\/#website"},"datePublished":"2020-12-16T15:06:58+00:00","dateModified":"2023-02-01T14:29:48+00:00","breadcrumb":{"@id":"https:\/\/thejunebenissa.com\/es\/services\/#breadcrumb"},"inLanguage":"es","potentialAction":[{"@type":"ReadAction","target":["https:\/\/thejunebenissa.com\/es\/services\/"]}]},{"@type":"BreadcrumbList","@id":"https:\/\/thejunebenissa.com\/es\/services\/#breadcrumb","itemListElement":[{"@type":"ListItem","position":1,"name":"Home","item":"https:\/\/thejunebenissa.com\/es\/"},{"@type":"ListItem","position":2,"name":"Services"}]}]}},"_links":{"self":[{"href":"https:\/\/thejunebenissa.com\/es\/wp-json\/wp\/v2\/pages\/1276"}],"collection":[{"href":"https:\/\/thejunebenissa.com\/es\/wp-json\/wp\/v2\/pages"}],"about":[{"href":"https:\/\/thejunebenissa.com\/es\/wp-json\/wp\/v2\/types\/page"}],"author":[{"embeddable":true,"href":"https:\/\/thejunebenissa.com\/es\/wp-json\/wp\/v2\/users\/1"}],"replies":[{"embeddable":true,"href":"https:\/\/thejunebenissa.com\/es\/wp-json\/wp\/v2\/comments?post=1276"}],"version-history":[{"count":12,"href":"https:\/\/thejunebenissa.com\/es\/wp-json\/wp\/v2\/pages\/1276\/revisions"}],"predecessor-version":[{"id":1585,"href":"https:\/\/thejunebenissa.com\/es\/wp-json\/wp\/v2\/pages\/1276\/revisions\/1585"}],"wp:attachment":[{"href":"https:\/\/thejunebenissa.com\/es\/wp-json\/wp\/v2\/media?parent=1276"}],"curies":[{"name":"wp","href":"https:\/\/api.w.org\/{rel}","templated":true}]}}